{"id":15,"date":"2017-10-16T20:30:24","date_gmt":"2017-10-16T18:30:24","guid":{"rendered":"http:\/\/www.yoga-traditionell.de\/?page_id=15"},"modified":"2025-03-01T14:31:58","modified_gmt":"2025-03-01T13:31:58","slug":"mein-yogaweg","status":"publish","type":"page","link":"https:\/\/yoga-traditionell.de\/?page_id=15","title":{"rendered":"Mein Yogaweg"},"content":{"rendered":"\n<div class=\"wp-block-columns is-layout-flex wp-container-core-columns-is-layout-9d6595d7 wp-block-columns-is-layout-flex\">\n<div class=\"wp-block-column is-layout-flow wp-block-column-is-layout-flow\">\n<div class=\"wp-block-columns is-layout-flex wp-container-core-columns-is-layout-9d6595d7 wp-block-columns-is-layout-flex\">\n<div class=\"wp-block-column is-layout-flow wp-block-column-is-layout-flow\">\n<figure class=\"wp-block-image size-full\"><img loading=\"lazy\" decoding=\"async\" width=\"838\" height=\"1046\" src=\"https:\/\/yoga-traditionell.de\/wp-content\/uploads\/2025\/03\/Steffi-Protrait-September-23.png\" alt=\"\" class=\"wp-image-414\" srcset=\"https:\/\/yoga-traditionell.de\/wp-content\/uploads\/2025\/03\/Steffi-Protrait-September-23.png 838w, https:\/\/yoga-traditionell.de\/wp-content\/uploads\/2025\/03\/Steffi-Protrait-September-23-240x300.png 240w, https:\/\/yoga-traditionell.de\/wp-content\/uploads\/2025\/03\/Steffi-Protrait-September-23-820x1024.png 820w, https:\/\/yoga-traditionell.de\/wp-content\/uploads\/2025\/03\/Steffi-Protrait-September-23-768x959.png 768w\" sizes=\"auto, (max-width: 838px) 100vw, 838px\" \/><\/figure>\n<\/div>\n\n\n\n<div class=\"wp-block-column is-layout-flow wp-block-column-is-layout-flow\">\n<p>Ich f\u00fchle mich der Tradition Krishnamacharya \/ Desikachar\/ Sriram verbunden und nehme regelm\u00e4\u00dfig an Seminaren bei Lehrern dieser Tradition teil um mein eigenes \u00dcben zu vertiefen.<\/p>\n<\/div>\n<\/div>\n<\/div>\n<\/div>\n\n\n\n<h2 class=\"wp-block-heading\"><br><strong>Meine Aus- und Weiterbildungen:<\/strong><\/h2>\n\n\n\n<ul class=\"wp-block-list\">\n<li>2004 bis 2006: Grundstudium im Mandala Institut Wetzlar<\/li>\n\n\n\n<li>2010 bis 2011: Aufbaustudium im Mandala Institut Wetzlar<\/li>\n\n\n\n<li>2006 bis 2009: Yogalehrerweiterbildung in der Tradition T. Krishnamacharya\/ T. K. V. Desikachar\/ R. Sriram bei Michael Meyer, <a href=\"https:\/\/www.helga-simon-wagenbach.de\/\">Helga Simon-Wagenbach<\/a> und <a href=\"http:\/\/www.sriram.de\" target=\"_blank\" rel=\"noopener\">R. Sriram<\/a><\/li>\n\n\n\n<li>seit 2008: Meditationsseminare bei <a href=\"https:\/\/www.helga-simon-wagenbach.de\/\">Helga Simon-Wagenbach<\/a>, <a href=\"https:\/\/www.yogakirchheimteck.de\/\">Doris Karner-Klett<\/a> und <a href=\"https:\/\/yoga-samyama.de\/\">Harald Homberger<\/a><\/li>\n\n\n\n<li>seit 2012: Vedic Chanting<\/li>\n\n\n\n<li>2018 bis 2020: &#8222;Traditioneller Yoga &#8211; Weiterbildung in der Yoga-Philosophie&#8220; bei <a href=\"http:\/\/www.sriram.de\" target=\"_blank\" rel=\"noopener\">R. Sriram<\/a> in Berlin<\/li>\n<\/ul>\n\n\n\n<div class=\"wp-block-columns is-layout-flex wp-container-core-columns-is-layout-9d6595d7 wp-block-columns-is-layout-flex\">\n<div class=\"wp-block-column is-layout-flow wp-block-column-is-layout-flow\">\n<p><a href=\"https:\/\/yoga-traditionell.de\/wp-content\/uploads\/2025\/03\/Yogaweg-Zertifikat.pdf\" target=\"_blank\" rel=\"noreferrer noopener\">Diese Ausbildung<\/a> qualifiziert mich, Einzelunterricht zu erteilen und die \u00dcbungen des Yoga in einer therapeutischen Weise an die Bed\u00fcrfnisse gesunder und kranker Menschen anzupassen.<\/p>\n<\/div>\n\n\n\n<div class=\"wp-block-column is-layout-flow wp-block-column-is-layout-flow\">\n<figure class=\"wp-block-image size-full is-style-default\"><img loading=\"lazy\" decoding=\"async\" width=\"696\" height=\"996\" src=\"https:\/\/yoga-traditionell.de\/wp-content\/uploads\/2025\/03\/Yogaweg-Zertifikat.png\" alt=\"\" class=\"wp-image-432\" srcset=\"https:\/\/yoga-traditionell.de\/wp-content\/uploads\/2025\/03\/Yogaweg-Zertifikat.png 696w, https:\/\/yoga-traditionell.de\/wp-content\/uploads\/2025\/03\/Yogaweg-Zertifikat-210x300.png 210w\" sizes=\"auto, (max-width: 696px) 100vw, 696px\" \/><\/figure>\n<\/div>\n<\/div>\n\n\n\n<p><strong>Mir ist es sehr wichtig, Ihnen einen qualifizierten und reflektierten Unterricht anzubieten, denn nur so kann der Yoga eine Bereicherung und Inspiration f\u00fcr das Leben, den Alltag sein.<\/strong><\/p>\n\n\n<div class=\"wp-block-image\">\n<figure class=\"aligncenter\"><img loading=\"lazy\" decoding=\"async\" width=\"1024\" height=\"683\" src=\"http:\/\/www.yoga-traditionell.de\/wp-content\/uploads\/2017\/10\/Eifel-19.10.14-044b_resized_1-e1517152058262-1024x683.jpg\" alt=\"\" class=\"wp-image-104\" srcset=\"https:\/\/yoga-traditionell.de\/wp-content\/uploads\/2017\/10\/Eifel-19.10.14-044b_resized_1-e1517152058262-1024x683.jpg 1024w, https:\/\/yoga-traditionell.de\/wp-content\/uploads\/2017\/10\/Eifel-19.10.14-044b_resized_1-e1517152058262-300x200.jpg 300w, https:\/\/yoga-traditionell.de\/wp-content\/uploads\/2017\/10\/Eifel-19.10.14-044b_resized_1-e1517152058262-768x512.jpg 768w\" sizes=\"auto, (max-width: 1024px) 100vw, 1024px\" \/><\/figure>\n<\/div>","protected":false},"excerpt":{"rendered":"<p>Ich f\u00fchle mich der Tradition Krishnamacharya \/ Desikachar\/ Sriram verbunden und nehme regelm\u00e4\u00dfig an Seminaren bei Lehrern dieser Tradition teil um mein eigenes \u00dcben zu vertiefen. Meine Aus- und Weiterbildungen: Diese Ausbildung qualifiziert mich, Einzelunterricht zu erteilen und die \u00dcbungen des Yoga in einer therapeutischen Weise an die Bed\u00fcrfnisse gesunder und kranker Menschen anzupassen. Mir [&hellip;]<\/p>\n","protected":false},"author":1,"featured_media":414,"parent":0,"menu_order":0,"comment_status":"closed","ping_status":"closed","template":"","meta":{"footnotes":""},"class_list":["post-15","page","type-page","status-publish","has-post-thumbnail","hentry"],"_links":{"self":[{"href":"https:\/\/yoga-traditionell.de\/index.php?rest_route=\/wp\/v2\/pages\/15","targetHints":{"allow":["GET"]}}],"collection":[{"href":"https:\/\/yoga-traditionell.de\/index.php?rest_route=\/wp\/v2\/pages"}],"about":[{"href":"https:\/\/yoga-traditionell.de\/index.php?rest_route=\/wp\/v2\/types\/page"}],"author":[{"embeddable":true,"href":"https:\/\/yoga-traditionell.de\/index.php?rest_route=\/wp\/v2\/users\/1"}],"replies":[{"embeddable":true,"href":"https:\/\/yoga-traditionell.de\/index.php?rest_route=%2Fwp%2Fv2%2Fcomments&post=15"}],"version-history":[{"count":43,"href":"https:\/\/yoga-traditionell.de\/index.php?rest_route=\/wp\/v2\/pages\/15\/revisions"}],"predecessor-version":[{"id":435,"href":"https:\/\/yoga-traditionell.de\/index.php?rest_route=\/wp\/v2\/pages\/15\/revisions\/435"}],"wp:featuredmedia":[{"embeddable":true,"href":"https:\/\/yoga-traditionell.de\/index.php?rest_route=\/wp\/v2\/media\/414"}],"wp:attachment":[{"href":"https:\/\/yoga-traditionell.de\/index.php?rest_route=%2Fwp%2Fv2%2Fmedia&parent=15"}],"curies":[{"name":"wp","href":"https:\/\/api.w.org\/{rel}","templated":true}]}}